{"id":626,"date":"2022-01-22T23:54:41","date_gmt":"2022-01-22T22:54:41","guid":{"rendered":"http:\/\/138.68.91.141\/?page_id=626"},"modified":"2026-04-08T23:44:04","modified_gmt":"2026-04-08T21:44:04","slug":"whats-new","status":"publish","type":"page","link":"http:\/\/apartment.tonywye.com\/index.php\/whats-new\/","title":{"rendered":"What&#8217;s new in 2026 ?"},"content":{"rendered":"\n<p><\/p>\n\n\n\n<figure class=\"wp-block-image size-large is-resized\"><img loading=\"lazy\" decoding=\"async\" width=\"1024\" height=\"768\" src=\"http:\/\/138.68.91.141\/wp-content\/uploads\/2019\/04\/IMG_2464-1024x768.jpg\" alt=\"\" class=\"wp-image-486\" style=\"width:435px;height:auto\" srcset=\"http:\/\/apartment.tonywye.com\/wp-content\/uploads\/2019\/04\/IMG_2464-1024x768.jpg 1024w, http:\/\/apartment.tonywye.com\/wp-content\/uploads\/2019\/04\/IMG_2464-300x225.jpg 300w, http:\/\/apartment.tonywye.com\/wp-content\/uploads\/2019\/04\/IMG_2464-768x576.jpg 768w, http:\/\/apartment.tonywye.com\/wp-content\/uploads\/2019\/04\/IMG_2464-210x158.jpg 210w, http:\/\/apartment.tonywye.com\/wp-content\/uploads\/2019\/04\/IMG_2464-1536x1152.jpg 1536w, http:\/\/apartment.tonywye.com\/wp-content\/uploads\/2019\/04\/IMG_2464-1960x1470.jpg 1960w\" sizes=\"(max-width: 980px) 100vw, 980px\" \/><\/figure>\n\n\n\n<h3 class=\"wp-block-heading\">Still 20% Discount on Airbnb prices<\/h3>\n\n\n\n<p>If you are a <strong>returning guest<\/strong> and want to book directly please take 20% discount from the airbnb price you find here:  <a href=\"http:\/\/www.airbnb.com\/h\/senec\">http:\/\/www.airbnb.com\/h\/senec<\/a> You can also check the calendar on airbnb.<\/p>\n\n\n\n<p>Please contact me via WhatsApp (<a href=\"https:\/\/wa.me\/447801090835\">WhatsApp chat here<\/a>) to make an enquiry or booking.<\/p>\n\n\n\n<hr class=\"wp-block-separator has-alpha-channel-opacity\"\/>\n\n\n\n<div class=\"wp-block-columns is-layout-flex wp-container-core-columns-layout-1 wp-block-columns-is-layout-flex\">\n<div class=\"wp-block-column is-layout-flow wp-block-column-is-layout-flow\" style=\"flex-basis:100%\"><\/div>\n<\/div>\n\n\n\n<h3 class=\"wp-block-heading\">January 2026 &#8211; Expresso Coffee Machine (as well as the Dolce Gusto machine)<\/h3>\n\n\n\n<p>Make coffee the way you like it, hand bean grinder, expresso machine with milk steamer<\/p>\n\n\n\n<figure class=\"wp-block-image size-full is-resized\"><img loading=\"lazy\" decoding=\"async\" width=\"550\" height=\"550\" src=\"http:\/\/apartment.tonywye.com\/wp-content\/uploads\/2026\/04\/expresso.jpeg\" alt=\"\" class=\"wp-image-846\" style=\"width:361px;height:auto\" srcset=\"http:\/\/apartment.tonywye.com\/wp-content\/uploads\/2026\/04\/expresso.jpeg 550w, http:\/\/apartment.tonywye.com\/wp-content\/uploads\/2026\/04\/expresso-300x300.jpeg 300w, http:\/\/apartment.tonywye.com\/wp-content\/uploads\/2026\/04\/expresso-150x150.jpeg 150w, http:\/\/apartment.tonywye.com\/wp-content\/uploads\/2026\/04\/expresso-210x210.jpeg 210w\" sizes=\"(max-width: 550px) 100vw, 550px\" \/><\/figure>\n\n\n\n<hr class=\"wp-block-separator has-alpha-channel-opacity\"\/>\n\n\n\n<h3 class=\"wp-block-heading\">January 2026 &#8211; New Apartment Information Portal<\/h3>\n\n\n\n<p>Lots of up to date information about the apartment and the local area (AI generated!)<\/p>\n\n\n\n<figure class=\"wp-block-image size-large is-resized\"><img loading=\"lazy\" decoding=\"async\" width=\"616\" height=\"1024\" src=\"http:\/\/apartment.tonywye.com\/wp-content\/uploads\/2026\/04\/CC55C9A5-F426-4868-854E-D70EB6147FCD_1_201_a-616x1024.jpeg\" alt=\"\" class=\"wp-image-845\" style=\"width:257px;height:auto\" srcset=\"http:\/\/apartment.tonywye.com\/wp-content\/uploads\/2026\/04\/CC55C9A5-F426-4868-854E-D70EB6147FCD_1_201_a-616x1024.jpeg 616w, http:\/\/apartment.tonywye.com\/wp-content\/uploads\/2026\/04\/CC55C9A5-F426-4868-854E-D70EB6147FCD_1_201_a-180x300.jpeg 180w, http:\/\/apartment.tonywye.com\/wp-content\/uploads\/2026\/04\/CC55C9A5-F426-4868-854E-D70EB6147FCD_1_201_a-768x1277.jpeg 768w, http:\/\/apartment.tonywye.com\/wp-content\/uploads\/2026\/04\/CC55C9A5-F426-4868-854E-D70EB6147FCD_1_201_a-924x1536.jpeg 924w, http:\/\/apartment.tonywye.com\/wp-content\/uploads\/2026\/04\/CC55C9A5-F426-4868-854E-D70EB6147FCD_1_201_a-126x210.jpeg 126w, http:\/\/apartment.tonywye.com\/wp-content\/uploads\/2026\/04\/CC55C9A5-F426-4868-854E-D70EB6147FCD_1_201_a.jpeg 960w\" sizes=\"(max-width: 616px) 100vw, 616px\" \/><\/figure>\n\n\n\n<hr class=\"wp-block-separator has-alpha-channel-opacity\"\/>\n\n\n\n<h3 class=\"wp-block-heading\">October 2025 &#8211; <strong>New Smart TV with Netflix app, Youtube, Google Chromecast&#8230;.<\/strong><\/h3>\n\n\n\n<p>Before = 23&#8243; &#8230;..<\/p>\n\n\n\n<div class=\"wp-block-columns is-layout-flex wp-container-core-columns-layout-2 wp-block-columns-is-layout-flex\">\n<div class=\"wp-block-column is-vertically-aligned-center is-layout-flow wp-block-column-is-layout-flow\" style=\"flex-basis:100%\">\n<div class=\"wp-block-group is-layout-constrained wp-block-group-is-layout-constrained\"><div class=\"wp-block-group__inner-container\">\n<figure class=\"wp-block-image size-full is-resized\"><img loading=\"lazy\" decoding=\"async\" width=\"352\" height=\"269\" src=\"http:\/\/apartment.tonywye.com\/wp-content\/uploads\/2026\/04\/F19F4043-D3DA-4E3E-B4FC-368AC4F3D608_4_5005_c-1.jpeg\" alt=\"\" class=\"wp-image-843\" style=\"width:337px;height:auto\" srcset=\"http:\/\/apartment.tonywye.com\/wp-content\/uploads\/2026\/04\/F19F4043-D3DA-4E3E-B4FC-368AC4F3D608_4_5005_c-1.jpeg 352w, http:\/\/apartment.tonywye.com\/wp-content\/uploads\/2026\/04\/F19F4043-D3DA-4E3E-B4FC-368AC4F3D608_4_5005_c-1-300x229.jpeg 300w, http:\/\/apartment.tonywye.com\/wp-content\/uploads\/2026\/04\/F19F4043-D3DA-4E3E-B4FC-368AC4F3D608_4_5005_c-1-210x160.jpeg 210w\" sizes=\"(max-width: 352px) 100vw, 352px\" \/><\/figure>\n\n\n\n<p>After = 50&#8243;&#8230;.<\/p>\n\n\n\n<figure class=\"wp-block-image size-full\"><img loading=\"lazy\" decoding=\"async\" width=\"448\" height=\"345\" src=\"http:\/\/apartment.tonywye.com\/wp-content\/uploads\/2026\/04\/B5800D96-C129-44D6-8D4D-2FED233B25A8_4_5005_c-2.jpeg\" alt=\"\" class=\"wp-image-842\" srcset=\"http:\/\/apartment.tonywye.com\/wp-content\/uploads\/2026\/04\/B5800D96-C129-44D6-8D4D-2FED233B25A8_4_5005_c-2.jpeg 448w, http:\/\/apartment.tonywye.com\/wp-content\/uploads\/2026\/04\/B5800D96-C129-44D6-8D4D-2FED233B25A8_4_5005_c-2-300x231.jpeg 300w, http:\/\/apartment.tonywye.com\/wp-content\/uploads\/2026\/04\/B5800D96-C129-44D6-8D4D-2FED233B25A8_4_5005_c-2-210x162.jpeg 210w\" sizes=\"(max-width: 448px) 100vw, 448px\" \/><\/figure>\n<\/div><\/div>\n<\/div>\n<\/div>\n\n\n\n<hr class=\"wp-block-separator has-alpha-channel-opacity\"\/>\n\n\n\n<h3 class=\"wp-block-heading\"><strong>WC LED Light Show !<\/strong><\/h3>\n\n\n\n<p>A small sensor by the WC light switch allows you to control the LED light show, can you identify the Country flags ? <\/p>\n\n\n<div class=\"wp-block-image\">\n<figure class=\"aligncenter size-large is-resized\"><img loading=\"lazy\" decoding=\"async\" width=\"768\" height=\"1024\" src=\"http:\/\/apartment.tonywye.com\/wp-content\/uploads\/2024\/11\/IMG_9130-768x1024.jpeg\" alt=\"\" class=\"wp-image-813\" style=\"width:272px;height:auto\" srcset=\"http:\/\/apartment.tonywye.com\/wp-content\/uploads\/2024\/11\/IMG_9130-768x1024.jpeg 768w, http:\/\/apartment.tonywye.com\/wp-content\/uploads\/2024\/11\/IMG_9130-225x300.jpeg 225w, http:\/\/apartment.tonywye.com\/wp-content\/uploads\/2024\/11\/IMG_9130-1152x1536.jpeg 1152w, http:\/\/apartment.tonywye.com\/wp-content\/uploads\/2024\/11\/IMG_9130-1536x2048.jpeg 1536w, http:\/\/apartment.tonywye.com\/wp-content\/uploads\/2024\/11\/IMG_9130-158x210.jpeg 158w, http:\/\/apartment.tonywye.com\/wp-content\/uploads\/2024\/11\/IMG_9130-1960x2613.jpeg 1960w, http:\/\/apartment.tonywye.com\/wp-content\/uploads\/2024\/11\/IMG_9130-scaled.jpeg 1920w\" sizes=\"(max-width: 768px) 100vw, 768px\" \/><\/figure><\/div>\n\n\n<div class=\"wp-block-group is-layout-flow wp-block-group-is-layout-flow\"><div class=\"wp-block-group__inner-container\">\n<figure class=\"wp-block-gallery has-nested-images columns-default is-cropped wp-block-gallery-1 is-layout-flex wp-block-gallery-is-layout-flex\">\n<figure class=\"wp-block-image size-large\"><img loading=\"lazy\" decoding=\"async\" width=\"1024\" height=\"1024\" src=\"http:\/\/138.68.91.141\/wp-content\/uploads\/2022\/01\/IMG_9276-1024x1024.jpeg\" alt=\"\" class=\"wp-image-632\" srcset=\"http:\/\/apartment.tonywye.com\/wp-content\/uploads\/2022\/01\/IMG_9276-1024x1024.jpeg 1024w, http:\/\/apartment.tonywye.com\/wp-content\/uploads\/2022\/01\/IMG_9276-300x300.jpeg 300w, http:\/\/apartment.tonywye.com\/wp-content\/uploads\/2022\/01\/IMG_9276-150x150.jpeg 150w, http:\/\/apartment.tonywye.com\/wp-content\/uploads\/2022\/01\/IMG_9276-768x768.jpeg 768w, http:\/\/apartment.tonywye.com\/wp-content\/uploads\/2022\/01\/IMG_9276-1536x1536.jpeg 1536w, http:\/\/apartment.tonywye.com\/wp-content\/uploads\/2022\/01\/IMG_9276-210x210.jpeg 210w, http:\/\/apartment.tonywye.com\/wp-content\/uploads\/2022\/01\/IMG_9276-1960x1960.jpeg 1960w\" sizes=\"(max-width: 980px) 100vw, 980px\" \/><\/figure>\n\n\n\n<figure class=\"wp-block-image size-large\"><img loading=\"lazy\" decoding=\"async\" width=\"1024\" height=\"1024\" src=\"http:\/\/138.68.91.141\/wp-content\/uploads\/2022\/01\/IMG_9278-1024x1024.jpeg\" alt=\"\" class=\"wp-image-634\" srcset=\"http:\/\/apartment.tonywye.com\/wp-content\/uploads\/2022\/01\/IMG_9278-1024x1024.jpeg 1024w, http:\/\/apartment.tonywye.com\/wp-content\/uploads\/2022\/01\/IMG_9278-300x300.jpeg 300w, http:\/\/apartment.tonywye.com\/wp-content\/uploads\/2022\/01\/IMG_9278-150x150.jpeg 150w, http:\/\/apartment.tonywye.com\/wp-content\/uploads\/2022\/01\/IMG_9278-768x768.jpeg 768w, http:\/\/apartment.tonywye.com\/wp-content\/uploads\/2022\/01\/IMG_9278-1536x1536.jpeg 1536w, http:\/\/apartment.tonywye.com\/wp-content\/uploads\/2022\/01\/IMG_9278-210x210.jpeg 210w, http:\/\/apartment.tonywye.com\/wp-content\/uploads\/2022\/01\/IMG_9278.jpeg 1684w\" sizes=\"(max-width: 980px) 100vw, 980px\" \/><\/figure>\n\n\n\n<figure class=\"wp-block-image size-large\"><img loading=\"lazy\" decoding=\"async\" width=\"1024\" height=\"1024\" src=\"http:\/\/138.68.91.141\/wp-content\/uploads\/2022\/01\/IMG_9277-1024x1024.jpeg\" alt=\"\" class=\"wp-image-633\" srcset=\"http:\/\/apartment.tonywye.com\/wp-content\/uploads\/2022\/01\/IMG_9277-1024x1024.jpeg 1024w, http:\/\/apartment.tonywye.com\/wp-content\/uploads\/2022\/01\/IMG_9277-300x300.jpeg 300w, http:\/\/apartment.tonywye.com\/wp-content\/uploads\/2022\/01\/IMG_9277-150x150.jpeg 150w, http:\/\/apartment.tonywye.com\/wp-content\/uploads\/2022\/01\/IMG_9277-768x768.jpeg 768w, http:\/\/apartment.tonywye.com\/wp-content\/uploads\/2022\/01\/IMG_9277-1536x1536.jpeg 1536w, http:\/\/apartment.tonywye.com\/wp-content\/uploads\/2022\/01\/IMG_9277-210x210.jpeg 210w, http:\/\/apartment.tonywye.com\/wp-content\/uploads\/2022\/01\/IMG_9277-1960x1960.jpeg 1960w\" sizes=\"(max-width: 980px) 100vw, 980px\" \/><\/figure>\n<\/figure>\n<\/div><\/div>\n\n\n\n<hr class=\"wp-block-separator has-css-opacity\"\/>\n\n\n\n<h3 class=\"wp-block-heading\"><strong>New digital thermostats in every room for accurate temperature setting in the winter<\/strong><\/h3>\n\n\n<div class=\"wp-block-image is-style-rounded\">\n<figure class=\"aligncenter size-thumbnail is-resized\"><img loading=\"lazy\" decoding=\"async\" width=\"150\" height=\"150\" src=\"http:\/\/138.68.91.141\/wp-content\/uploads\/2022\/01\/wifi_thermostat_white_3-150x150.jpg\" alt=\"\" class=\"wp-image-637\" style=\"width:216px;height:216px\" srcset=\"http:\/\/apartment.tonywye.com\/wp-content\/uploads\/2022\/01\/wifi_thermostat_white_3-150x150.jpg 150w, http:\/\/apartment.tonywye.com\/wp-content\/uploads\/2022\/01\/wifi_thermostat_white_3-300x300.jpg 300w, http:\/\/apartment.tonywye.com\/wp-content\/uploads\/2022\/01\/wifi_thermostat_white_3-768x768.jpg 768w, http:\/\/apartment.tonywye.com\/wp-content\/uploads\/2022\/01\/wifi_thermostat_white_3-210x210.jpg 210w, http:\/\/apartment.tonywye.com\/wp-content\/uploads\/2022\/01\/wifi_thermostat_white_3.jpg 785w\" sizes=\"(max-width: 150px) 100vw, 150px\" \/><\/figure><\/div>\n\n\n<hr class=\"wp-block-separator has-css-opacity\"\/>\n\n\n\n<h3 class=\"wp-block-heading\"><strong>100% Slovak Green Energy supply<\/strong><\/h3>\n\n\n\n<p>The apartment now uses 100% green electricity from Slovak power plants from renewable energy sources (<strong>water, solar, wind &amp; bio waste<\/strong>) <\/p>\n\n\n\n<figure class=\"wp-block-gallery aligncenter has-nested-images columns-default is-cropped wp-block-gallery-2 is-layout-flex wp-block-gallery-is-layout-flex\">\n<figure class=\"wp-block-image size-medium\"><img loading=\"lazy\" decoding=\"async\" width=\"300\" height=\"211\" data-id=\"640\" src=\"http:\/\/138.68.91.141\/wp-content\/uploads\/2022\/01\/Image-22-01-2022-at-23.39-300x211.jpg\" alt=\"\" class=\"wp-image-640\" srcset=\"http:\/\/apartment.tonywye.com\/wp-content\/uploads\/2022\/01\/Image-22-01-2022-at-23.39-300x211.jpg 300w, http:\/\/apartment.tonywye.com\/wp-content\/uploads\/2022\/01\/Image-22-01-2022-at-23.39-1024x721.jpg 1024w, http:\/\/apartment.tonywye.com\/wp-content\/uploads\/2022\/01\/Image-22-01-2022-at-23.39-768x541.jpg 768w, http:\/\/apartment.tonywye.com\/wp-content\/uploads\/2022\/01\/Image-22-01-2022-at-23.39-210x148.jpg 210w, http:\/\/apartment.tonywye.com\/wp-content\/uploads\/2022\/01\/Image-22-01-2022-at-23.39.jpg 1092w\" sizes=\"(max-width: 300px) 100vw, 300px\" \/><\/figure>\n<\/figure>\n\n\n\n<hr class=\"wp-block-separator has-css-opacity\"\/>\n\n\n\n<div class=\"wp-block-group is-layout-flow wp-block-group-is-layout-flow\"><div class=\"wp-block-group__inner-container\">\n<h3 class=\"wp-block-heading\">There are now 2 great places for breakfast in Senec:<\/h3>\n\n\n\n<h3 class=\"wp-block-heading\">Boka Bistro<\/h3>\n<\/div><\/div>\n\n\n\n<p>In Senec town (15-20 minutes walk), serving good coffee, cooked breakfasts &amp; tasty lunches (Monday-Friday set menu which changes each day). The weekly lunch menu is also on Facebook (<a href=\"https:\/\/www.facebook.com\/BokaBistro\/\" data-type=\"URL\" data-id=\"https:\/\/www.facebook.com\/BokaBistro\/\">Bokabistro<\/a>). Toma\u0161 the owner speaks great English (thats because hes having English lessons from me!). The full English breakfast (check which days they have it) features very authentic English sausages and black pudding from a Slovak butcher who trained in England  \ud83d\ude42<\/p>\n\n\n<div class=\"wp-block-image\">\n<figure class=\"aligncenter size-large is-resized\"><img loading=\"lazy\" decoding=\"async\" width=\"960\" height=\"720\" src=\"http:\/\/138.68.91.141\/wp-content\/uploads\/2022\/01\/boka-1.jpeg\" alt=\"\" class=\"wp-image-652\" style=\"width:476px;height:357px\" srcset=\"http:\/\/apartment.tonywye.com\/wp-content\/uploads\/2022\/01\/boka-1.jpeg 960w, http:\/\/apartment.tonywye.com\/wp-content\/uploads\/2022\/01\/boka-1-300x225.jpeg 300w, http:\/\/apartment.tonywye.com\/wp-content\/uploads\/2022\/01\/boka-1-768x576.jpeg 768w, http:\/\/apartment.tonywye.com\/wp-content\/uploads\/2022\/01\/boka-1-210x158.jpeg 210w\" sizes=\"(max-width: 960px) 100vw, 960px\" \/><\/figure><\/div>\n\n\n<p><\/p>\n\n\n\n<h3 class=\"wp-block-heading\">Ra\u0148ajk\u00e1re\u0148 Senec<\/h3>\n\n\n\n<p>Open in the morning for breakfasts and great sandwiches\/cakes to takeaway, its located just outside the small gate at the lake (10 minutes walk). Details on facebook (<a href=\"https:\/\/www.facebook.com\/search\/top?q=ra%C5%88ajk%C3%A1re%C5%88%20senec\">Ra\u0148ajk\u00e1re\u0148 Senec<\/a>). Milan (the guy with many tattoos) also does great haircuts at <a href=\"https:\/\/barberos.sk\/\">Barberos.sk<\/a> in town, he speaks perfect English. The chef Peter Varga is a Slovak celebrity chef who used to live in Ireland so speaks perfect Irish (English).<\/p>\n\n\n<div class=\"wp-block-image\">\n<figure class=\"aligncenter size-medium\"><img loading=\"lazy\" decoding=\"async\" width=\"240\" height=\"300\" src=\"http:\/\/apartment.tonywye.com\/wp-content\/uploads\/2023\/06\/304952616_176889194865805_7303602028503858277_n-240x300.jpg\" alt=\"\" class=\"wp-image-767\" srcset=\"http:\/\/apartment.tonywye.com\/wp-content\/uploads\/2023\/06\/304952616_176889194865805_7303602028503858277_n-240x300.jpg 240w, http:\/\/apartment.tonywye.com\/wp-content\/uploads\/2023\/06\/304952616_176889194865805_7303602028503858277_n-819x1024.jpg 819w, http:\/\/apartment.tonywye.com\/wp-content\/uploads\/2023\/06\/304952616_176889194865805_7303602028503858277_n-768x960.jpg 768w, http:\/\/apartment.tonywye.com\/wp-content\/uploads\/2023\/06\/304952616_176889194865805_7303602028503858277_n-1229x1536.jpg 1229w, http:\/\/apartment.tonywye.com\/wp-content\/uploads\/2023\/06\/304952616_176889194865805_7303602028503858277_n-168x210.jpg 168w, http:\/\/apartment.tonywye.com\/wp-content\/uploads\/2023\/06\/304952616_176889194865805_7303602028503858277_n.jpg 1440w\" sizes=\"(max-width: 240px) 100vw, 240px\" \/><\/figure><\/div>\n\n\n<p><\/p>\n\n\n\n<hr class=\"wp-block-separator has-css-opacity\"\/>\n\n\n\n<div class=\"wp-block-group is-layout-flow wp-block-group-is-layout-flow\"><div class=\"wp-block-group__inner-container\">\n<h3 class=\"wp-block-heading\">Sauna on the Beach<\/h3>\n<\/div><\/div>\n\n\n\n<p>There is a wood sauna available to rent (for 2.5 hours) on the beach by Lobster (3 minute walk). You can book online here: <a href=\"http:\/\/www.pixxla.sk\" data-type=\"URL\" data-id=\"www.pixxla.sk\">www.pixxla.sk<\/a><\/p>\n\n\n\n<figure class=\"wp-block-image size-large\"><img loading=\"lazy\" decoding=\"async\" width=\"1024\" height=\"576\" src=\"http:\/\/apartment.tonywye.com\/wp-content\/uploads\/2022\/04\/sauna-1024x576.jpeg\" alt=\"\" class=\"wp-image-689\" srcset=\"http:\/\/apartment.tonywye.com\/wp-content\/uploads\/2022\/04\/sauna-1024x576.jpeg 1024w, http:\/\/apartment.tonywye.com\/wp-content\/uploads\/2022\/04\/sauna-300x169.jpeg 300w, http:\/\/apartment.tonywye.com\/wp-content\/uploads\/2022\/04\/sauna-768x432.jpeg 768w, http:\/\/apartment.tonywye.com\/wp-content\/uploads\/2022\/04\/sauna-1536x864.jpeg 1536w, http:\/\/apartment.tonywye.com\/wp-content\/uploads\/2022\/04\/sauna-210x118.jpeg 210w, http:\/\/apartment.tonywye.com\/wp-content\/uploads\/2022\/04\/sauna-1960x1103.jpeg 1960w\" sizes=\"(max-width: 980px) 100vw, 980px\" \/><\/figure>\n\n\n\n<hr class=\"wp-block-separator has-alpha-channel-opacity\"\/>\n\n\n\n<h2 class=\"wp-block-heading\">Bicycle Rental<\/h2>\n\n\n\n<figure class=\"wp-block-image size-full\"><img loading=\"lazy\" decoding=\"async\" width=\"710\" height=\"375\" src=\"http:\/\/apartment.tonywye.com\/wp-content\/uploads\/2024\/05\/arrivebike.jpg\" alt=\"\" class=\"wp-image-785\" srcset=\"http:\/\/apartment.tonywye.com\/wp-content\/uploads\/2024\/05\/arrivebike.jpg 710w, http:\/\/apartment.tonywye.com\/wp-content\/uploads\/2024\/05\/arrivebike-300x158.jpg 300w, http:\/\/apartment.tonywye.com\/wp-content\/uploads\/2024\/05\/arrivebike-210x111.jpg 210w\" sizes=\"(max-width: 710px) 100vw, 710px\" \/><\/figure>\n\n\n\n<p>There is a new bicycle rental service in 2024 with multiple pickup\/drop off points around Senec. Prices work out at 50 cents per 15 minutes. You need to register and use the app. Details at <a href=\"https:\/\/arriva.bike\/\">arriva.bike<\/a>. You need to add a minimum of \u20ac3 credit to the app to use the service. The closest pickup point is next to the train station. You can check on the app how many bicycles are available there.<\/p>\n\n\n\n<p><\/p>\n","protected":false},"excerpt":{"rendered":"<p>Still 20% Discount on Airbnb prices If you are a returning guest and want to book directly please take 20% discount from the airbnb price you find here: http:\/\/www.airbnb.com\/h\/senec You can also check the calendar on airbnb. Please contact me via WhatsApp (WhatsApp chat here) to make an enquiry or booking. January 2026 &#8211; Expresso [&hellip;]<\/p>\n","protected":false},"author":1,"featured_media":0,"parent":0,"menu_order":0,"comment_status":"closed","ping_status":"closed","template":"","meta":{"footnotes":""},"_links":{"self":[{"href":"http:\/\/apartment.tonywye.com\/index.php\/wp-json\/wp\/v2\/pages\/626"}],"collection":[{"href":"http:\/\/apartment.tonywye.com\/index.php\/wp-json\/wp\/v2\/pages"}],"about":[{"href":"http:\/\/apartment.tonywye.com\/index.php\/wp-json\/wp\/v2\/types\/page"}],"author":[{"embeddable":true,"href":"http:\/\/apartment.tonywye.com\/index.php\/wp-json\/wp\/v2\/users\/1"}],"replies":[{"embeddable":true,"href":"http:\/\/apartment.tonywye.com\/index.php\/wp-json\/wp\/v2\/comments?post=626"}],"version-history":[{"count":41,"href":"http:\/\/apartment.tonywye.com\/index.php\/wp-json\/wp\/v2\/pages\/626\/revisions"}],"predecessor-version":[{"id":852,"href":"http:\/\/apartment.tonywye.com\/index.php\/wp-json\/wp\/v2\/pages\/626\/revisions\/852"}],"wp:attachment":[{"href":"http:\/\/apartment.tonywye.com\/index.php\/wp-json\/wp\/v2\/media?parent=626"}],"curies":[{"name":"wp","href":"https:\/\/api.w.org\/{rel}","templated":true}]}}